{"id":201,"date":"2025-07-10T08:22:38","date_gmt":"2025-07-10T08:22:38","guid":{"rendered":"https:\/\/proximarobotics.com\/?page_id=201"},"modified":"2025-09-25T06:54:16","modified_gmt":"2025-09-25T06:54:16","slug":"consulenza","status":"publish","type":"page","link":"https:\/\/proximarobotics.com\/it\/consulenza\/","title":{"rendered":"Consulenza"},"content":{"rendered":"\t\t<div data-elementor-type=\"wp-page\" data-elementor-id=\"201\" class=\"elementor elementor-201\" data-elementor-post-type=\"page\">\n\t\t\t\t<div class=\"elementor-element elementor-element-58879e3 e-flex e-con-boxed e-con e-parent\" data-id=\"58879e3\" data-element_type=\"container\" data-e-type=\"container\">\n\t\t\t\t\t<div class=\"e-con-inner\">\n\t\t<div class=\"elementor-element elementor-element-89b6e4a e-flex e-con-boxed e-con e-child\" data-id=\"89b6e4a\" data-element_type=\"container\" data-e-type=\"container\">\n\t\t\t\t\t<div class=\"e-con-inner\">\n\t\t<div class=\"elementor-element elementor-element-1737178 e-con-full e-flex e-con e-child\" data-id=\"1737178\" data-element_type=\"container\" data-e-type=\"container\">\n\t\t\t\t<div class=\"elementor-element elementor-element-d0cbd69 elementor-align-left elementor-mobile-align-center elementor-widget elementor-widget-button\" data-id=\"d0cbd69\" data-element_type=\"widget\" data-e-type=\"widget\" data-widget_type=\"button.default\">\n\t\t\t\t\t\t\t\t\t\t<a class=\"elementor-button elementor-size-sm\" role=\"button\">\n\t\t\t\t\t\t<span class=\"elementor-button-content-wrapper\">\n\t\t\t\t\t\t\t\t\t<span class=\"elementor-button-text\">Consulenza<\/span>\n\t\t\t\t\t<\/span>\n\t\t\t\t\t<\/a>\n\t\t\t\t\t\t\t\t<\/div>\n\t\t\t\t<div class=\"elementor-element elementor-element-3199c1e elementor-widget__width-inherit testo-gradient animated-slow elementor-invisible elementor-widget elementor-widget-heading\" data-id=\"3199c1e\" data-element_type=\"widget\" data-e-type=\"widget\" data-settings=\"{&quot;_animation&quot;:&quot;fadeIn&quot;,&quot;_animation_delay&quot;:100}\" data-widget_type=\"heading.default\">\n\t\t\t\t\t<h1 class=\"elementor-heading-title elementor-size-default\">Hai un\u2019idea per automatizzare un processo con un robot mobile, ma non sai se sia davvero realizzabile?<\/h1>\t\t\t\t<\/div>\n\t\t<div class=\"elementor-element elementor-element-5390a36 e-con-full e-flex e-con e-child\" data-id=\"5390a36\" data-element_type=\"container\" data-e-type=\"container\">\n\t\t\t\t<div class=\"elementor-element elementor-element-7bdac63 elementor-align-left elementor-mobile-align-center elementor-widget-mobile__width-inherit elementor-widget elementor-widget-button\" data-id=\"7bdac63\" data-element_type=\"widget\" data-e-type=\"widget\" data-widget_type=\"button.default\">\n\t\t\t\t\t\t\t\t\t\t<a class=\"elementor-button elementor-button-link elementor-size-sm\" href=\"#consulenza\">\n\t\t\t\t\t\t<span class=\"elementor-button-content-wrapper\">\n\t\t\t\t\t\t\t\t\t<span class=\"elementor-button-text\">Scopri di pi\u00f9<\/span>\n\t\t\t\t\t<\/span>\n\t\t\t\t\t<\/a>\n\t\t\t\t\t\t\t\t<\/div>\n\t\t\t\t<\/div>\n\t\t\t\t<\/div>\n\t\t<div class=\"elementor-element elementor-element-cd0723c e-con-full e-flex e-con e-child\" data-id=\"cd0723c\" data-element_type=\"container\" data-e-type=\"container\">\n\t\t<div class=\"elementor-element elementor-element-caaef4f e-con-full e-flex e-con e-child\" data-id=\"caaef4f\" data-element_type=\"container\" data-e-type=\"container\">\n\t\t\t\t<div class=\"elementor-element elementor-element-d81c67b elementor-widget elementor-widget-image\" data-id=\"d81c67b\" data-element_type=\"widget\" data-e-type=\"widget\" data-widget_type=\"image.default\">\n\t\t\t\t\t\t\t\t\t\t\t\t\t\t\t<img fetchpriority=\"high\" decoding=\"async\" width=\"1500\" height=\"1500\" src=\"https:\/\/proximarobotics.com\/wp-content\/uploads\/2025\/09\/proxima-robotics-home-servizi-2.png\" class=\"attachment-full size-full wp-image-1522\" alt=\"\" srcset=\"https:\/\/proximarobotics.com\/wp-content\/uploads\/2025\/09\/proxima-robotics-home-servizi-2.png 1500w, https:\/\/proximarobotics.com\/wp-content\/uploads\/2025\/09\/proxima-robotics-home-servizi-2-300x300.png 300w, https:\/\/proximarobotics.com\/wp-content\/uploads\/2025\/09\/proxima-robotics-home-servizi-2-1024x1024.png 1024w, https:\/\/proximarobotics.com\/wp-content\/uploads\/2025\/09\/proxima-robotics-home-servizi-2-150x150.png 150w, https:\/\/proximarobotics.com\/wp-content\/uploads\/2025\/09\/proxima-robotics-home-servizi-2-768x768.png 768w\" sizes=\"(max-width: 1500px) 100vw, 1500px\" \/>\t\t\t\t\t\t\t\t\t\t\t\t\t\t\t<\/div>\n\t\t\t\t<\/div>\n\t\t\t\t<\/div>\n\t\t\t\t\t<\/div>\n\t\t\t\t<\/div>\n\t\t\t\t<div class=\"elementor-element elementor-element-fe51a5d elementor-widget__width-initial elementor-absolute elementor-widget elementor-widget-spacer\" data-id=\"fe51a5d\" data-element_type=\"widget\" data-e-type=\"widget\" data-settings=\"{&quot;_position&quot;:&quot;absolute&quot;}\" data-widget_type=\"spacer.default\">\n\t\t\t\t\t\t\t<div class=\"elementor-spacer\">\n\t\t\t<div class=\"elementor-spacer-inner\"><\/div>\n\t\t<\/div>\n\t\t\t\t\t\t<\/div>\n\t\t\t\t\t<\/div>\n\t\t\t\t<\/div>\n\t\t<div class=\"elementor-element elementor-element-49ff9f8 e-flex e-con-boxed e-con e-parent\" data-id=\"49ff9f8\" data-element_type=\"container\" data-e-type=\"container\" id=\"consulenza\" data-settings=\"{&quot;background_background&quot;:&quot;classic&quot;}\">\n\t\t\t\t\t<div class=\"e-con-inner\">\n\t\t\t\t<div class=\"elementor-element elementor-element-54b9fcd elementor-widget__width-initial elementor-absolute elementor-widget elementor-widget-spacer\" data-id=\"54b9fcd\" data-element_type=\"widget\" data-e-type=\"widget\" data-settings=\"{&quot;_position&quot;:&quot;absolute&quot;}\" data-widget_type=\"spacer.default\">\n\t\t\t\t\t\t\t<div class=\"elementor-spacer\">\n\t\t\t<div class=\"elementor-spacer-inner\"><\/div>\n\t\t<\/div>\n\t\t\t\t\t\t<\/div>\n\t\t<div class=\"elementor-element elementor-element-d243156 e-con-full e-flex e-con e-child\" data-id=\"d243156\" data-element_type=\"container\" data-e-type=\"container\">\n\t\t\t\t<div class=\"elementor-element elementor-element-c977d65 elementor-widget__width-inherit animated-slow elementor-invisible elementor-widget elementor-widget-heading\" data-id=\"c977d65\" data-element_type=\"widget\" data-e-type=\"widget\" data-settings=\"{&quot;_animation&quot;:&quot;fadeIn&quot;,&quot;_animation_delay&quot;:100}\" data-widget_type=\"heading.default\">\n\t\t\t\t\t<h2 class=\"elementor-heading-title elementor-size-default\">Consulenza<\/h2>\t\t\t\t<\/div>\n\t\t\t\t<div class=\"elementor-element elementor-element-a2c5f97 elementor-widget__width-initial testo-gradient animated-slow elementor-invisible elementor-widget elementor-widget-heading\" data-id=\"a2c5f97\" data-element_type=\"widget\" data-e-type=\"widget\" data-settings=\"{&quot;_animation&quot;:&quot;fadeIn&quot;,&quot;_animation_delay&quot;:100}\" data-widget_type=\"heading.default\">\n\t\t\t\t\t<h2 class=\"elementor-heading-title elementor-size-default\">Il nostro servizio di consulenza ti aiuta a rispondere a questa domanda con rigore tecnico, prima ancora di parlare di implementazione.<\/h2>\t\t\t\t<\/div>\n\t\t\t\t<div class=\"elementor-element elementor-element-da4ffd6 e-n-tabs-mobile elementor-widget elementor-widget-n-tabs\" data-id=\"da4ffd6\" data-element_type=\"widget\" data-e-type=\"widget\" data-settings=\"{&quot;tabs_justify_horizontal&quot;:&quot;stretch&quot;,&quot;tabs_justify_horizontal_tablet&quot;:&quot;start&quot;,&quot;tabs_justify_horizontal_mobile&quot;:&quot;start&quot;,&quot;horizontal_scroll&quot;:&quot;disable&quot;}\" data-widget_type=\"nested-tabs.default\">\n\t\t\t\t\t\t\t<div class=\"e-n-tabs\" data-widget-number=\"228917206\" aria-label=\"Schede. Apri gli elementi con Invio o Spazio, chiudili con Esc e naviga con i tasti freccia.\">\n\t\t\t<div class=\"e-n-tabs-heading\" role=\"tablist\">\n\t\t\t\t\t<button id=\"e-n-tab-title-2289172061\" data-tab-title-id=\"e-n-tab-title-2289172061\" class=\"e-n-tab-title\" aria-selected=\"true\" data-tab-index=\"1\" role=\"tab\" tabindex=\"0\" aria-controls=\"e-n-tab-content-2289172061\" style=\"--n-tabs-title-order: 1;\">\n\t\t\t\t\t\t<span class=\"e-n-tab-title-text\">\n\t\t\t\tAnalisi del contesto operativo\t\t\t<\/span>\n\t\t<\/button>\n\t\t\t\t<button id=\"e-n-tab-title-2289172062\" data-tab-title-id=\"e-n-tab-title-2289172062\" class=\"e-n-tab-title\" aria-selected=\"false\" data-tab-index=\"2\" role=\"tab\" tabindex=\"-1\" aria-controls=\"e-n-tab-content-2289172062\" style=\"--n-tabs-title-order: 2;\">\n\t\t\t\t\t\t<span class=\"e-n-tab-title-text\">\n\t\t\t\tSimulazione in scenari realistici\t\t\t<\/span>\n\t\t<\/button>\n\t\t\t\t<button id=\"e-n-tab-title-2289172063\" data-tab-title-id=\"e-n-tab-title-2289172063\" class=\"e-n-tab-title\" aria-selected=\"false\" data-tab-index=\"3\" role=\"tab\" tabindex=\"-1\" aria-controls=\"e-n-tab-content-2289172063\" style=\"--n-tabs-title-order: 3;\">\n\t\t\t\t\t\t<span class=\"e-n-tab-title-text\">\n\t\t\t\tStudio tecnico di fattibilit\u00e0\t\t\t<\/span>\n\t\t<\/button>\n\t\t\t\t<button id=\"e-n-tab-title-2289172064\" data-tab-title-id=\"e-n-tab-title-2289172064\" class=\"e-n-tab-title\" aria-selected=\"false\" data-tab-index=\"4\" role=\"tab\" tabindex=\"-1\" aria-controls=\"e-n-tab-content-2289172064\" style=\"--n-tabs-title-order: 4;\">\n\t\t\t\t\t\t<span class=\"e-n-tab-title-text\">\n\t\t\t\tRisposta chiara e supporto strategico\t\t\t<\/span>\n\t\t<\/button>\n\t\t\t\t\t<\/div>\n\t\t\t<div class=\"e-n-tabs-content\">\n\t\t\t\t<div id=\"e-n-tab-content-2289172061\" role=\"tabpanel\" aria-labelledby=\"e-n-tab-title-2289172061\" data-tab-index=\"1\" style=\"--n-tabs-title-order: 1;\" class=\"e-active elementor-element elementor-element-c0454f7 e-con-full e-flex e-con e-child\" data-id=\"c0454f7\" data-element_type=\"container\" data-e-type=\"container\">\n\t\t<div class=\"elementor-element elementor-element-cf2acfa e-con-full e-flex e-con e-child\" data-id=\"cf2acfa\" data-element_type=\"container\" data-e-type=\"container\">\n\t\t\t\t<div class=\"elementor-element elementor-element-6f738ec elementor-align-left elementor-widget elementor-widget-button\" data-id=\"6f738ec\" data-element_type=\"widget\" data-e-type=\"widget\" data-widget_type=\"button.default\">\n\t\t\t\t\t\t\t\t\t\t<a class=\"elementor-button elementor-size-sm\" role=\"button\">\n\t\t\t\t\t\t<span class=\"elementor-button-content-wrapper\">\n\t\t\t\t\t\t\t\t\t<span class=\"elementor-button-text\">01<\/span>\n\t\t\t\t\t<\/span>\n\t\t\t\t\t<\/a>\n\t\t\t\t\t\t\t\t<\/div>\n\t\t\t\t<div class=\"elementor-element elementor-element-ce190ed elementor-invisible elementor-widget elementor-widget-text-editor\" data-id=\"ce190ed\" data-element_type=\"widget\" data-e-type=\"widget\" data-settings=\"{&quot;_animation&quot;:&quot;fadeInUp&quot;}\" data-widget_type=\"text-editor.default\">\n\t\t\t\t\t\t\t\t\t<p><span style=\"font-weight: 400;\">Analizziamo il tuo caso d\u2019uso per verificarne la compatibilit\u00e0 con le attuali capacit\u00e0 della robotica autonoma: spazi disponibili, morfologia dell\u2019ambiente, flussi operativi, cicli di missione, vincoli temporali e di sicurezza.<\/span><\/p>\t\t\t\t\t\t\t\t<\/div>\n\t\t\t\t<\/div>\n\t\t<div class=\"elementor-element elementor-element-446c41c e-con-full e-flex e-con e-child\" data-id=\"446c41c\" data-element_type=\"container\" data-e-type=\"container\">\n\t\t\t\t<div class=\"elementor-element elementor-element-42c5c39 elementor-widget elementor-widget-image\" data-id=\"42c5c39\" data-element_type=\"widget\" data-e-type=\"widget\" data-widget_type=\"image.default\">\n\t\t\t\t\t\t\t\t\t\t\t\t\t\t\t<img decoding=\"async\" width=\"800\" height=\"640\" src=\"https:\/\/proximarobotics.com\/wp-content\/uploads\/2025\/09\/proxima-robotics-consulenza-1-1024x819.webp\" class=\"attachment-large size-large wp-image-2207\" alt=\"\" srcset=\"https:\/\/proximarobotics.com\/wp-content\/uploads\/2025\/09\/proxima-robotics-consulenza-1-1024x819.webp 1024w, https:\/\/proximarobotics.com\/wp-content\/uploads\/2025\/09\/proxima-robotics-consulenza-1-300x240.webp 300w, https:\/\/proximarobotics.com\/wp-content\/uploads\/2025\/09\/proxima-robotics-consulenza-1-768x614.webp 768w, https:\/\/proximarobotics.com\/wp-content\/uploads\/2025\/09\/proxima-robotics-consulenza-1-1536x1229.webp 1536w, https:\/\/proximarobotics.com\/wp-content\/uploads\/2025\/09\/proxima-robotics-consulenza-1.webp 2000w\" sizes=\"(max-width: 800px) 100vw, 800px\" \/>\t\t\t\t\t\t\t\t\t\t\t\t\t\t\t<\/div>\n\t\t\t\t<\/div>\n\t\t\t\t<\/div>\n\t\t<div id=\"e-n-tab-content-2289172062\" role=\"tabpanel\" aria-labelledby=\"e-n-tab-title-2289172062\" data-tab-index=\"2\" style=\"--n-tabs-title-order: 2;\" class=\" elementor-element elementor-element-2d8c265 e-con-full e-flex e-con e-child\" data-id=\"2d8c265\" data-element_type=\"container\" data-e-type=\"container\">\n\t\t<div class=\"elementor-element elementor-element-58f3626 e-con-full e-flex e-con e-child\" data-id=\"58f3626\" data-element_type=\"container\" data-e-type=\"container\">\n\t\t\t\t<div class=\"elementor-element elementor-element-ab20e1b elementor-align-left elementor-widget elementor-widget-button\" data-id=\"ab20e1b\" data-element_type=\"widget\" data-e-type=\"widget\" data-widget_type=\"button.default\">\n\t\t\t\t\t\t\t\t\t\t<a class=\"elementor-button elementor-size-sm\" role=\"button\">\n\t\t\t\t\t\t<span class=\"elementor-button-content-wrapper\">\n\t\t\t\t\t\t\t\t\t<span class=\"elementor-button-text\">02<\/span>\n\t\t\t\t\t<\/span>\n\t\t\t\t\t<\/a>\n\t\t\t\t\t\t\t\t<\/div>\n\t\t\t\t<div class=\"elementor-element elementor-element-6a61cd3 elementor-invisible elementor-widget elementor-widget-text-editor\" data-id=\"6a61cd3\" data-element_type=\"widget\" data-e-type=\"widget\" data-settings=\"{&quot;_animation&quot;:&quot;fadeInUp&quot;}\" data-widget_type=\"text-editor.default\">\n\t\t\t\t\t\t\t\t\t<p><span style=\"font-weight: 400;\">Simuliamo i comportamenti del sistema in ambienti concreti per valutare se un robot pu\u00f2 navigare, localizzarsi e completare le missioni con affidabilit\u00e0 e continuit\u00e0.<\/span><\/p>\t\t\t\t\t\t\t\t<\/div>\n\t\t\t\t<\/div>\n\t\t<div class=\"elementor-element elementor-element-b3ee50e e-con-full e-flex e-con e-child\" data-id=\"b3ee50e\" data-element_type=\"container\" data-e-type=\"container\">\n\t\t\t\t<div class=\"elementor-element elementor-element-17fd1f9 elementor-widget elementor-widget-image\" data-id=\"17fd1f9\" data-element_type=\"widget\" data-e-type=\"widget\" data-widget_type=\"image.default\">\n\t\t\t\t\t\t\t\t\t\t\t\t\t\t\t<img decoding=\"async\" width=\"800\" height=\"640\" src=\"https:\/\/proximarobotics.com\/wp-content\/uploads\/2025\/09\/proxima-robotics-consulenza-2-1024x819.webp\" class=\"attachment-large size-large wp-image-2212\" alt=\"\" srcset=\"https:\/\/proximarobotics.com\/wp-content\/uploads\/2025\/09\/proxima-robotics-consulenza-2-1024x819.webp 1024w, https:\/\/proximarobotics.com\/wp-content\/uploads\/2025\/09\/proxima-robotics-consulenza-2-300x240.webp 300w, https:\/\/proximarobotics.com\/wp-content\/uploads\/2025\/09\/proxima-robotics-consulenza-2-768x614.webp 768w, https:\/\/proximarobotics.com\/wp-content\/uploads\/2025\/09\/proxima-robotics-consulenza-2-1536x1229.webp 1536w, https:\/\/proximarobotics.com\/wp-content\/uploads\/2025\/09\/proxima-robotics-consulenza-2.webp 2000w\" sizes=\"(max-width: 800px) 100vw, 800px\" \/>\t\t\t\t\t\t\t\t\t\t\t\t\t\t\t<\/div>\n\t\t\t\t<\/div>\n\t\t\t\t<\/div>\n\t\t<div id=\"e-n-tab-content-2289172063\" role=\"tabpanel\" aria-labelledby=\"e-n-tab-title-2289172063\" data-tab-index=\"3\" style=\"--n-tabs-title-order: 3;\" class=\" elementor-element elementor-element-653e111 e-con-full e-flex e-con e-child\" data-id=\"653e111\" data-element_type=\"container\" data-e-type=\"container\">\n\t\t<div class=\"elementor-element elementor-element-9a6a51e e-con-full e-flex e-con e-child\" data-id=\"9a6a51e\" data-element_type=\"container\" data-e-type=\"container\">\n\t\t\t\t<div class=\"elementor-element elementor-element-d7ac965 elementor-align-left elementor-widget elementor-widget-button\" data-id=\"d7ac965\" data-element_type=\"widget\" data-e-type=\"widget\" data-widget_type=\"button.default\">\n\t\t\t\t\t\t\t\t\t\t<a class=\"elementor-button elementor-size-sm\" role=\"button\">\n\t\t\t\t\t\t<span class=\"elementor-button-content-wrapper\">\n\t\t\t\t\t\t\t\t\t<span class=\"elementor-button-text\">03<\/span>\n\t\t\t\t\t<\/span>\n\t\t\t\t\t<\/a>\n\t\t\t\t\t\t\t\t<\/div>\n\t\t\t\t<div class=\"elementor-element elementor-element-10f864b elementor-invisible elementor-widget elementor-widget-text-editor\" data-id=\"10f864b\" data-element_type=\"widget\" data-e-type=\"widget\" data-settings=\"{&quot;_animation&quot;:&quot;fadeInUp&quot;}\" data-widget_type=\"text-editor.default\">\n\t\t\t\t\t\t\t\t\t<p><span style=\"font-weight: 400;\">Utilizziamo modelli cinematici, analisi dei margini di errore nella localizzazione, mappatura delle criticit\u00e0 operative e delle interazioni tra software e infrastruttura. L\u2019obiettivo \u00e8 determinare se le condizioni permettono un funzionamento stabile, sicuro e scalabile.<\/span><\/p>\t\t\t\t\t\t\t\t<\/div>\n\t\t\t\t<\/div>\n\t\t<div class=\"elementor-element elementor-element-ee23205 e-con-full e-flex e-con e-child\" data-id=\"ee23205\" data-element_type=\"container\" data-e-type=\"container\">\n\t\t\t\t<div class=\"elementor-element elementor-element-97e684d elementor-widget elementor-widget-image\" data-id=\"97e684d\" data-element_type=\"widget\" data-e-type=\"widget\" data-widget_type=\"image.default\">\n\t\t\t\t\t\t\t\t\t\t\t\t\t\t\t<img loading=\"lazy\" decoding=\"async\" width=\"800\" height=\"640\" src=\"https:\/\/proximarobotics.com\/wp-content\/uploads\/2025\/09\/Set-up_MappatureTestNav-1024x819.webp\" class=\"attachment-large size-large wp-image-2347\" alt=\"\" srcset=\"https:\/\/proximarobotics.com\/wp-content\/uploads\/2025\/09\/Set-up_MappatureTestNav-1024x819.webp 1024w, https:\/\/proximarobotics.com\/wp-content\/uploads\/2025\/09\/Set-up_MappatureTestNav-300x240.webp 300w, https:\/\/proximarobotics.com\/wp-content\/uploads\/2025\/09\/Set-up_MappatureTestNav-768x614.webp 768w, https:\/\/proximarobotics.com\/wp-content\/uploads\/2025\/09\/Set-up_MappatureTestNav-1536x1229.webp 1536w, https:\/\/proximarobotics.com\/wp-content\/uploads\/2025\/09\/Set-up_MappatureTestNav.webp 2000w\" sizes=\"(max-width: 800px) 100vw, 800px\" \/>\t\t\t\t\t\t\t\t\t\t\t\t\t\t\t<\/div>\n\t\t\t\t<\/div>\n\t\t\t\t<\/div>\n\t\t<div id=\"e-n-tab-content-2289172064\" role=\"tabpanel\" aria-labelledby=\"e-n-tab-title-2289172064\" data-tab-index=\"4\" style=\"--n-tabs-title-order: 4;\" class=\" elementor-element elementor-element-def5d74 e-con-full e-flex e-con e-child\" data-id=\"def5d74\" data-element_type=\"container\" data-e-type=\"container\">\n\t\t<div class=\"elementor-element elementor-element-ddc5f52 e-con-full e-flex e-con e-child\" data-id=\"ddc5f52\" data-element_type=\"container\" data-e-type=\"container\">\n\t\t\t\t<div class=\"elementor-element elementor-element-2164a24 elementor-align-left elementor-widget elementor-widget-button\" data-id=\"2164a24\" data-element_type=\"widget\" data-e-type=\"widget\" data-widget_type=\"button.default\">\n\t\t\t\t\t\t\t\t\t\t<a class=\"elementor-button elementor-size-sm\" role=\"button\">\n\t\t\t\t\t\t<span class=\"elementor-button-content-wrapper\">\n\t\t\t\t\t\t\t\t\t<span class=\"elementor-button-text\">04<\/span>\n\t\t\t\t\t<\/span>\n\t\t\t\t\t<\/a>\n\t\t\t\t\t\t\t\t<\/div>\n\t\t\t\t<div class=\"elementor-element elementor-element-38e3f38 elementor-invisible elementor-widget elementor-widget-text-editor\" data-id=\"38e3f38\" data-element_type=\"widget\" data-e-type=\"widget\" data-settings=\"{&quot;_animation&quot;:&quot;fadeInUp&quot;}\" data-widget_type=\"text-editor.default\">\n\t\t\t\t\t\t\t\t\tLa consulenza include la valutazione delle architetture software possibili, delle logiche di missione, dei requisiti di integrazione e delle modalit\u00e0 di monitoraggio. Ti forniamo una risposta chiara alla domanda: \u00e8 possibile automatizzare questo processo con un robot mobile oggi, oppure no?\n\t\t\t\t\t\t\t\t<\/div>\n\t\t\t\t<\/div>\n\t\t<div class=\"elementor-element elementor-element-0e2f382 e-con-full e-flex e-con e-child\" data-id=\"0e2f382\" data-element_type=\"container\" data-e-type=\"container\">\n\t\t\t\t<div class=\"elementor-element elementor-element-5a2bb8d elementor-widget elementor-widget-image\" data-id=\"5a2bb8d\" data-element_type=\"widget\" data-e-type=\"widget\" data-widget_type=\"image.default\">\n\t\t\t\t\t\t\t\t\t\t\t\t\t\t\t<img loading=\"lazy\" decoding=\"async\" width=\"800\" height=\"640\" src=\"https:\/\/proximarobotics.com\/wp-content\/uploads\/2025\/09\/ConsulenzaSet-up_Controllo-remoto-1024x819.webp\" class=\"attachment-large size-large wp-image-2343\" alt=\"\" srcset=\"https:\/\/proximarobotics.com\/wp-content\/uploads\/2025\/09\/ConsulenzaSet-up_Controllo-remoto-1024x819.webp 1024w, https:\/\/proximarobotics.com\/wp-content\/uploads\/2025\/09\/ConsulenzaSet-up_Controllo-remoto-300x240.webp 300w, https:\/\/proximarobotics.com\/wp-content\/uploads\/2025\/09\/ConsulenzaSet-up_Controllo-remoto-768x614.webp 768w, https:\/\/proximarobotics.com\/wp-content\/uploads\/2025\/09\/ConsulenzaSet-up_Controllo-remoto-1536x1229.webp 1536w, https:\/\/proximarobotics.com\/wp-content\/uploads\/2025\/09\/ConsulenzaSet-up_Controllo-remoto.webp 2000w\" sizes=\"(max-width: 800px) 100vw, 800px\" \/>\t\t\t\t\t\t\t\t\t\t\t\t\t\t\t<\/div>\n\t\t\t\t<\/div>\n\t\t\t\t<\/div>\n\t\t\t\t\t<\/div>\n\t\t<\/div>\n\t\t\t\t\t\t<\/div>\n\t\t\t\t<\/div>\n\t\t\t\t\t<\/div>\n\t\t\t\t<\/div>\n\t\t<div class=\"elementor-element elementor-element-5e1eeae e-flex e-con-boxed e-con e-parent\" data-id=\"5e1eeae\" data-element_type=\"container\" data-e-type=\"container\" data-settings=\"{&quot;background_background&quot;:&quot;classic&quot;}\">\n\t\t\t\t\t<div class=\"e-con-inner\">\n\t\t<div class=\"elementor-element elementor-element-1c0fd87 e-con-full card e-flex e-con e-child\" data-id=\"1c0fd87\" data-element_type=\"container\" data-e-type=\"container\" data-settings=\"{&quot;background_background&quot;:&quot;classic&quot;}\">\n\t\t\t\t<div class=\"elementor-element elementor-element-d9e31b3 testo-gradient animated-slow elementor-widget__width-initial elementor-widget-mobile__width-inherit elementor-invisible elementor-widget elementor-widget-heading\" data-id=\"d9e31b3\" data-element_type=\"widget\" data-e-type=\"widget\" data-settings=\"{&quot;_animation&quot;:&quot;fadeIn&quot;,&quot;_animation_delay&quot;:100}\" data-widget_type=\"heading.default\">\n\t\t\t\t\t<h3 class=\"elementor-heading-title elementor-size-default\">Richiedi ora il tuo assessment e scopri le nostro soluzione<\/h3>\t\t\t\t<\/div>\n\t\t\t\t<div class=\"elementor-element elementor-element-8f924a9 elementor-widget__width-initial elementor-widget-mobile__width-inherit elementor-invisible elementor-widget elementor-widget-text-editor\" data-id=\"8f924a9\" data-element_type=\"widget\" data-e-type=\"widget\" data-settings=\"{&quot;_animation&quot;:&quot;fadeInUp&quot;}\" data-widget_type=\"text-editor.default\">\n\t\t\t\t\t\t\t\t\t<p>Contattaci per prenotare una consulenza gratuita per approfondire il tuo progetto di automazione robotica mobile.<\/p>\t\t\t\t\t\t\t\t<\/div>\n\t\t\t\t<div class=\"elementor-element elementor-element-7330fe4 elementor-align-right elementor-widget elementor-widget-button\" data-id=\"7330fe4\" data-element_type=\"widget\" data-e-type=\"widget\" data-widget_type=\"button.default\">\n\t\t\t\t\t\t\t\t\t\t<a class=\"elementor-button elementor-button-link elementor-size-sm\" href=\"https:\/\/calendly.com\/carlo-proximarobotics\/30min\" target=\"_blank\" rel=\"noopener\">\n\t\t\t\t\t\t<span class=\"elementor-button-content-wrapper\">\n\t\t\t\t\t\t\t\t\t<span class=\"elementor-button-text\">Richiedi ora<\/span>\n\t\t\t\t\t<\/span>\n\t\t\t\t\t<\/a>\n\t\t\t\t\t\t\t\t<\/div>\n\t\t\t\t<\/div>\n\t\t\t\t\t<\/div>\n\t\t\t\t<\/div>\n\t\t<div class=\"elementor-element elementor-element-42880fd e-flex e-con-boxed e-con e-parent\" data-id=\"42880fd\" data-element_type=\"container\" data-e-type=\"container\">\n\t\t\t\t\t<div class=\"e-con-inner\">\n\t\t\t\t<div class=\"elementor-element elementor-element-c9fddaa elementor-widget elementor-widget-html\" data-id=\"c9fddaa\" data-element_type=\"widget\" data-e-type=\"widget\" data-widget_type=\"html.default\">\n\t\t\t\t\t<script>\r\n\r\n    const updateCursor = ({ x, y }) => {\r\n  document.documentElement.style.setProperty('--x', x)\r\n  document.documentElement.style.setProperty('--y', y)\r\n}\r\n\r\ndocument.body.addEventListener('pointermove', updateCursor)\r\n<\/script>\t\t\t\t<\/div>\n\t\t\t\t\t<\/div>\n\t\t\t\t<\/div>\n\t\t\t\t<\/div>\n\t\t","protected":false},"excerpt":{"rendered":"<p>Consulenza Hai un\u2019idea per automatizzare un processo con un robot mobile, ma non sai se sia davvero realizzabile? Scopri di pi\u00f9 Consulenza Il nostro servizio di consulenza ti aiuta a rispondere a questa domanda con rigore tecnico, prima ancora di parlare di implementazione. Analisi del contesto operativo Simulazione in scenari realistici Studio tecnico di fattibilit\u00e0 [&hellip;]<\/p>\n","protected":false},"author":1,"featured_media":0,"parent":0,"menu_order":0,"comment_status":"closed","ping_status":"closed","template":"","meta":{"footnotes":""},"class_list":["post-201","page","type-page","status-publish","hentry"],"_links":{"self":[{"href":"https:\/\/proximarobotics.com\/it\/wp-json\/wp\/v2\/pages\/201","targetHints":{"allow":["GET"]}}],"collection":[{"href":"https:\/\/proximarobotics.com\/it\/wp-json\/wp\/v2\/pages"}],"about":[{"href":"https:\/\/proximarobotics.com\/it\/wp-json\/wp\/v2\/types\/page"}],"author":[{"embeddable":true,"href":"https:\/\/proximarobotics.com\/it\/wp-json\/wp\/v2\/users\/1"}],"replies":[{"embeddable":true,"href":"https:\/\/proximarobotics.com\/it\/wp-json\/wp\/v2\/comments?post=201"}],"version-history":[{"count":50,"href":"https:\/\/proximarobotics.com\/it\/wp-json\/wp\/v2\/pages\/201\/revisions"}],"predecessor-version":[{"id":3017,"href":"https:\/\/proximarobotics.com\/it\/wp-json\/wp\/v2\/pages\/201\/revisions\/3017"}],"wp:attachment":[{"href":"https:\/\/proximarobotics.com\/it\/wp-json\/wp\/v2\/media?parent=201"}],"curies":[{"name":"wp","href":"https:\/\/api.w.org\/{rel}","templated":true}]}}