{"id":205,"date":"2025-07-10T08:22:53","date_gmt":"2025-07-10T08:22:53","guid":{"rendered":"https:\/\/proximarobotics.com\/?page_id=205"},"modified":"2025-09-25T06:59:55","modified_gmt":"2025-09-25T06:59:55","slug":"lavora-con-noi","status":"publish","type":"page","link":"https:\/\/proximarobotics.com\/it\/lavora-con-noi\/","title":{"rendered":"Lavora con noi"},"content":{"rendered":"\t\t<div data-elementor-type=\"wp-page\" data-elementor-id=\"205\" class=\"elementor elementor-205\" data-elementor-post-type=\"page\">\n\t\t\t\t<div class=\"elementor-element elementor-element-680cc8f e-flex e-con-boxed e-con e-parent\" data-id=\"680cc8f\" data-element_type=\"container\" data-e-type=\"container\">\n\t\t\t\t\t<div class=\"e-con-inner\">\n\t\t<div class=\"elementor-element elementor-element-d487ec6 e-flex e-con-boxed e-con e-child\" data-id=\"d487ec6\" data-element_type=\"container\" data-e-type=\"container\">\n\t\t\t\t\t<div class=\"e-con-inner\">\n\t\t<div class=\"elementor-element elementor-element-8e71c26 e-con-full e-flex e-con e-child\" data-id=\"8e71c26\" data-element_type=\"container\" data-e-type=\"container\">\n\t\t\t\t<div class=\"elementor-element elementor-element-b00c9dd elementor-align-left animated-slow elementor-mobile-align-center elementor-invisible elementor-widget elementor-widget-button\" data-id=\"b00c9dd\" data-element_type=\"widget\" data-e-type=\"widget\" data-settings=\"{&quot;_animation&quot;:&quot;fadeIn&quot;}\" data-widget_type=\"button.default\">\n\t\t\t\t\t\t\t\t\t\t<a class=\"elementor-button elementor-size-sm\" role=\"button\">\n\t\t\t\t\t\t<span class=\"elementor-button-content-wrapper\">\n\t\t\t\t\t\t\t\t\t<span class=\"elementor-button-text\">Stiamo assumendo<\/span>\n\t\t\t\t\t<\/span>\n\t\t\t\t\t<\/a>\n\t\t\t\t\t\t\t\t<\/div>\n\t\t\t\t<div class=\"elementor-element elementor-element-e3825db elementor-widget__width-inherit testo-gradient animated-slow elementor-invisible elementor-widget elementor-widget-heading\" data-id=\"e3825db\" data-element_type=\"widget\" data-e-type=\"widget\" data-settings=\"{&quot;_animation&quot;:&quot;fadeIn&quot;,&quot;_animation_delay&quot;:200}\" data-widget_type=\"heading.default\">\n\t\t\t\t\t<h1 class=\"elementor-heading-title elementor-size-default\">Prendi parte all\u2019innovazione robotica<\/h1>\t\t\t\t<\/div>\n\t\t\t\t<div class=\"elementor-element elementor-element-bf2405d elementor-invisible elementor-widget elementor-widget-text-editor\" data-id=\"bf2405d\" data-element_type=\"widget\" data-e-type=\"widget\" data-settings=\"{&quot;_animation&quot;:&quot;fadeIn&quot;,&quot;_animation_delay&quot;:400}\" data-widget_type=\"text-editor.default\">\n\t\t\t\t\t\t\t\t\tStiamo cercando persone come te!\t\t\t\t\t\t\t\t<\/div>\n\t\t\t\t<div class=\"elementor-element elementor-element-6507b76 elementor-align-left animated-slow elementor-mobile-align-center elementor-invisible elementor-widget elementor-widget-button\" data-id=\"6507b76\" data-element_type=\"widget\" data-e-type=\"widget\" data-settings=\"{&quot;_animation&quot;:&quot;fadeIn&quot;,&quot;_animation_delay&quot;:600}\" data-widget_type=\"button.default\">\n\t\t\t\t\t\t\t\t\t\t<a class=\"elementor-button elementor-button-link elementor-size-sm\" href=\"#posizioni-aperte\">\n\t\t\t\t\t\t<span class=\"elementor-button-content-wrapper\">\n\t\t\t\t\t\t\t\t\t<span class=\"elementor-button-text\">Posizioni aperte<\/span>\n\t\t\t\t\t<\/span>\n\t\t\t\t\t<\/a>\n\t\t\t\t\t\t\t\t<\/div>\n\t\t\t\t<\/div>\n\t\t<div class=\"elementor-element elementor-element-4f54708 e-con-full e-flex e-con e-child\" data-id=\"4f54708\" data-element_type=\"container\" data-e-type=\"container\">\n\t\t\t\t<div class=\"elementor-element elementor-element-5d33884 elementor-widget elementor-widget-image\" data-id=\"5d33884\" data-element_type=\"widget\" data-e-type=\"widget\" data-widget_type=\"image.default\">\n\t\t\t\t\t\t\t\t\t\t\t\t\t\t\t<img fetchpriority=\"high\" decoding=\"async\" width=\"2000\" height=\"1667\" src=\"https:\/\/proximarobotics.com\/wp-content\/uploads\/2025\/09\/proxima_robotics_team.webp\" class=\"attachment-full size-full wp-image-1477\" alt=\"\" srcset=\"https:\/\/proximarobotics.com\/wp-content\/uploads\/2025\/09\/proxima_robotics_team.webp 2000w, https:\/\/proximarobotics.com\/wp-content\/uploads\/2025\/09\/proxima_robotics_team-300x250.webp 300w, https:\/\/proximarobotics.com\/wp-content\/uploads\/2025\/09\/proxima_robotics_team-1024x854.webp 1024w, https:\/\/proximarobotics.com\/wp-content\/uploads\/2025\/09\/proxima_robotics_team-768x640.webp 768w, https:\/\/proximarobotics.com\/wp-content\/uploads\/2025\/09\/proxima_robotics_team-1536x1280.webp 1536w\" sizes=\"(max-width: 2000px) 100vw, 2000px\" \/>\t\t\t\t\t\t\t\t\t\t\t\t\t\t\t<\/div>\n\t\t\t\t<\/div>\n\t\t\t\t\t<\/div>\n\t\t\t\t<\/div>\n\t\t\t\t<div class=\"elementor-element elementor-element-11c100f elementor-widget__width-initial elementor-absolute elementor-widget elementor-widget-spacer\" data-id=\"11c100f\" data-element_type=\"widget\" data-e-type=\"widget\" data-settings=\"{&quot;_position&quot;:&quot;absolute&quot;}\" data-widget_type=\"spacer.default\">\n\t\t\t\t\t\t\t<div class=\"elementor-spacer\">\n\t\t\t<div class=\"elementor-spacer-inner\"><\/div>\n\t\t<\/div>\n\t\t\t\t\t\t<\/div>\n\t\t\t\t\t<\/div>\n\t\t\t\t<\/div>\n\t\t<div class=\"elementor-element elementor-element-2c87bf9 e-flex e-con-boxed e-con e-parent\" data-id=\"2c87bf9\" data-element_type=\"container\" data-e-type=\"container\" data-settings=\"{&quot;background_background&quot;:&quot;classic&quot;}\">\n\t\t\t\t\t<div class=\"e-con-inner\">\n\t\t\t\t<div class=\"elementor-element elementor-element-3dcb8d1 elementor-widget__width-initial elementor-absolute elementor-widget elementor-widget-spacer\" data-id=\"3dcb8d1\" data-element_type=\"widget\" data-e-type=\"widget\" data-settings=\"{&quot;_position&quot;:&quot;absolute&quot;}\" data-widget_type=\"spacer.default\">\n\t\t\t\t\t\t\t<div class=\"elementor-spacer\">\n\t\t\t<div class=\"elementor-spacer-inner\"><\/div>\n\t\t<\/div>\n\t\t\t\t\t\t<\/div>\n\t\t\t\t<div class=\"elementor-element elementor-element-c2ce05a elementor-widget__width-initial elementor-absolute elementor-widget elementor-widget-spacer\" data-id=\"c2ce05a\" data-element_type=\"widget\" data-e-type=\"widget\" data-settings=\"{&quot;_position&quot;:&quot;absolute&quot;}\" data-widget_type=\"spacer.default\">\n\t\t\t\t\t\t\t<div class=\"elementor-spacer\">\n\t\t\t<div class=\"elementor-spacer-inner\"><\/div>\n\t\t<\/div>\n\t\t\t\t\t\t<\/div>\n\t\t<div class=\"elementor-element elementor-element-bedecb0 e-con-full e-flex e-con e-child\" data-id=\"bedecb0\" data-element_type=\"container\" data-e-type=\"container\" data-settings=\"{&quot;background_background&quot;:&quot;classic&quot;}\">\n\t\t<div class=\"elementor-element elementor-element-3482b30 e-con-full e-flex e-con e-child\" data-id=\"3482b30\" data-element_type=\"container\" data-e-type=\"container\">\n\t\t\t\t<div class=\"elementor-element elementor-element-ee9b1ff elementor-widget elementor-widget-image\" data-id=\"ee9b1ff\" data-element_type=\"widget\" data-e-type=\"widget\" data-widget_type=\"image.default\">\n\t\t\t\t\t\t\t\t\t\t\t\t\t\t\t<img decoding=\"async\" width=\"800\" height=\"667\" src=\"https:\/\/proximarobotics.com\/wp-content\/uploads\/2025\/09\/lavora-con-noi-icon-1-1024x854.webp\" class=\"attachment-large size-large wp-image-1488\" alt=\"\" srcset=\"https:\/\/proximarobotics.com\/wp-content\/uploads\/2025\/09\/lavora-con-noi-icon-1-1024x854.webp 1024w, https:\/\/proximarobotics.com\/wp-content\/uploads\/2025\/09\/lavora-con-noi-icon-1-300x250.webp 300w, https:\/\/proximarobotics.com\/wp-content\/uploads\/2025\/09\/lavora-con-noi-icon-1-768x640.webp 768w, https:\/\/proximarobotics.com\/wp-content\/uploads\/2025\/09\/lavora-con-noi-icon-1-1536x1280.webp 1536w, https:\/\/proximarobotics.com\/wp-content\/uploads\/2025\/09\/lavora-con-noi-icon-1.webp 2000w\" sizes=\"(max-width: 800px) 100vw, 800px\" \/>\t\t\t\t\t\t\t\t\t\t\t\t\t\t\t<\/div>\n\t\t<div class=\"elementor-element elementor-element-2d66600 e-con-full e-flex e-con e-child\" data-id=\"2d66600\" data-element_type=\"container\" data-e-type=\"container\">\n\t\t\t\t<div class=\"elementor-element elementor-element-84c4c4e elementor-widget__width-inherit testo-gradient animated-slow elementor-invisible elementor-widget elementor-widget-heading\" data-id=\"84c4c4e\" data-element_type=\"widget\" data-e-type=\"widget\" data-settings=\"{&quot;_animation&quot;:&quot;fadeIn&quot;,&quot;_animation_delay&quot;:100}\" data-widget_type=\"heading.default\">\n\t\t\t\t\t<h2 class=\"elementor-heading-title elementor-size-default\">Umanit\u00e0 e condivisione<\/h2>\t\t\t\t<\/div>\n\t\t\t\t<div class=\"elementor-element elementor-element-93832b9 elementor-invisible elementor-widget elementor-widget-text-editor\" data-id=\"93832b9\" data-element_type=\"widget\" data-e-type=\"widget\" data-settings=\"{&quot;_animation&quot;:&quot;fadeInUp&quot;}\" data-widget_type=\"text-editor.default\">\n\t\t\t\t\t\t\t\t\t<p>Crediamo nel lavoro di squadra, nella gentilezza quotidiana e nella condivisione di idee, successi e difficolt\u00e0. Qui le persone vengono prima dei processi.<\/p>\t\t\t\t\t\t\t\t<\/div>\n\t\t\t\t<\/div>\n\t\t\t\t<\/div>\n\t\t\t\t<\/div>\n\t\t<div class=\"elementor-element elementor-element-7a0cee8 e-con-full e-flex e-con e-child\" data-id=\"7a0cee8\" data-element_type=\"container\" data-e-type=\"container\" data-settings=\"{&quot;background_background&quot;:&quot;classic&quot;}\">\n\t\t<div class=\"elementor-element elementor-element-2d4285a e-con-full e-flex e-con e-child\" data-id=\"2d4285a\" data-element_type=\"container\" data-e-type=\"container\">\n\t\t<div class=\"elementor-element elementor-element-98ec639 e-con-full e-flex e-con e-child\" data-id=\"98ec639\" data-element_type=\"container\" data-e-type=\"container\">\n\t\t\t\t<div class=\"elementor-element elementor-element-7ca7779 elementor-widget__width-inherit testo-gradient animated-slow elementor-invisible elementor-widget elementor-widget-heading\" data-id=\"7ca7779\" data-element_type=\"widget\" data-e-type=\"widget\" data-settings=\"{&quot;_animation&quot;:&quot;fadeIn&quot;,&quot;_animation_delay&quot;:100}\" data-widget_type=\"heading.default\">\n\t\t\t\t\t<h2 class=\"elementor-heading-title elementor-size-default\">Guidati dal cambiamento tecnologico<\/h2>\t\t\t\t<\/div>\n\t\t\t\t<div class=\"elementor-element elementor-element-5e2b6d7 elementor-invisible elementor-widget elementor-widget-text-editor\" data-id=\"5e2b6d7\" data-element_type=\"widget\" data-e-type=\"widget\" data-settings=\"{&quot;_animation&quot;:&quot;fadeInUp&quot;}\" data-widget_type=\"text-editor.default\">\n\t\t\t\t\t\t\t\t\tInnoviamo ogni giorno con curiosit\u00e0 e spirito critico. La tecnologia \u00e8 il nostro strumento per migliorare il presente, non un fine.\t\t\t\t\t\t\t\t<\/div>\n\t\t\t\t<\/div>\n\t\t\t\t<div class=\"elementor-element elementor-element-c93e8bd elementor-widget elementor-widget-image\" data-id=\"c93e8bd\" data-element_type=\"widget\" data-e-type=\"widget\" data-widget_type=\"image.default\">\n\t\t\t\t\t\t\t\t\t\t\t\t\t\t\t<img decoding=\"async\" width=\"800\" height=\"667\" src=\"https:\/\/proximarobotics.com\/wp-content\/uploads\/2025\/09\/lavora-con-noi-icon-2-1024x854.webp\" class=\"attachment-large size-large wp-image-1490\" alt=\"\" srcset=\"https:\/\/proximarobotics.com\/wp-content\/uploads\/2025\/09\/lavora-con-noi-icon-2-1024x854.webp 1024w, https:\/\/proximarobotics.com\/wp-content\/uploads\/2025\/09\/lavora-con-noi-icon-2-300x250.webp 300w, https:\/\/proximarobotics.com\/wp-content\/uploads\/2025\/09\/lavora-con-noi-icon-2-768x640.webp 768w, https:\/\/proximarobotics.com\/wp-content\/uploads\/2025\/09\/lavora-con-noi-icon-2-1536x1280.webp 1536w, https:\/\/proximarobotics.com\/wp-content\/uploads\/2025\/09\/lavora-con-noi-icon-2.webp 2000w\" sizes=\"(max-width: 800px) 100vw, 800px\" \/>\t\t\t\t\t\t\t\t\t\t\t\t\t\t\t<\/div>\n\t\t\t\t<\/div>\n\t\t\t\t<\/div>\n\t\t<div class=\"elementor-element elementor-element-44f0135 e-con-full e-flex e-con e-child\" data-id=\"44f0135\" data-element_type=\"container\" data-e-type=\"container\" data-settings=\"{&quot;background_background&quot;:&quot;classic&quot;}\">\n\t\t<div class=\"elementor-element elementor-element-4922866 e-con-full e-flex e-con e-child\" data-id=\"4922866\" data-element_type=\"container\" data-e-type=\"container\">\n\t\t<div class=\"elementor-element elementor-element-ea6109c e-con-full e-flex e-con e-child\" data-id=\"ea6109c\" data-element_type=\"container\" data-e-type=\"container\">\n\t\t\t\t<div class=\"elementor-element elementor-element-c39f98c elementor-widget__width-inherit testo-gradient animated-slow elementor-invisible elementor-widget elementor-widget-heading\" data-id=\"c39f98c\" data-element_type=\"widget\" data-e-type=\"widget\" data-settings=\"{&quot;_animation&quot;:&quot;fadeIn&quot;,&quot;_animation_delay&quot;:100}\" data-widget_type=\"heading.default\">\n\t\t\t\t\t<h2 class=\"elementor-heading-title elementor-size-default\">Inclusivit\u00e0<\/h2>\t\t\t\t<\/div>\n\t\t\t\t<div class=\"elementor-element elementor-element-17bdda7 elementor-invisible elementor-widget elementor-widget-text-editor\" data-id=\"17bdda7\" data-element_type=\"widget\" data-e-type=\"widget\" data-settings=\"{&quot;_animation&quot;:&quot;fadeInUp&quot;}\" data-widget_type=\"text-editor.default\">\n\t\t\t\t\t\t\t\t\t<p>Accogliamo differenze di background, visione e competenze, perch\u00e9 la diversit\u00e0 \u00e8 un motore di crescita reale. Ogni voce conta.<\/p>\t\t\t\t\t\t\t\t<\/div>\n\t\t\t\t<\/div>\n\t\t\t\t<div class=\"elementor-element elementor-element-bde6e0d elementor-widget elementor-widget-image\" data-id=\"bde6e0d\" data-element_type=\"widget\" data-e-type=\"widget\" data-widget_type=\"image.default\">\n\t\t\t\t\t\t\t\t\t\t\t\t\t\t\t<img loading=\"lazy\" decoding=\"async\" width=\"800\" height=\"667\" src=\"https:\/\/proximarobotics.com\/wp-content\/uploads\/2025\/09\/lavora-con-noi-icon-3-1024x854.webp\" class=\"attachment-large size-large wp-image-1494\" alt=\"\" srcset=\"https:\/\/proximarobotics.com\/wp-content\/uploads\/2025\/09\/lavora-con-noi-icon-3-1024x854.webp 1024w, https:\/\/proximarobotics.com\/wp-content\/uploads\/2025\/09\/lavora-con-noi-icon-3-300x250.webp 300w, https:\/\/proximarobotics.com\/wp-content\/uploads\/2025\/09\/lavora-con-noi-icon-3-768x640.webp 768w, https:\/\/proximarobotics.com\/wp-content\/uploads\/2025\/09\/lavora-con-noi-icon-3-1536x1280.webp 1536w, https:\/\/proximarobotics.com\/wp-content\/uploads\/2025\/09\/lavora-con-noi-icon-3.webp 2000w\" sizes=\"(max-width: 800px) 100vw, 800px\" \/>\t\t\t\t\t\t\t\t\t\t\t\t\t\t\t<\/div>\n\t\t\t\t<\/div>\n\t\t\t\t<\/div>\n\t\t\t\t\t<\/div>\n\t\t\t\t<\/div>\n\t\t<div class=\"elementor-element elementor-element-97eba1a e-flex e-con-boxed e-con e-parent\" data-id=\"97eba1a\" data-element_type=\"container\" data-e-type=\"container\" id=\"posizioni-aperte\">\n\t\t\t\t\t<div class=\"e-con-inner\">\n\t\t\t\t<div class=\"elementor-element elementor-element-130f7ce elementor-widget__width-inherit testo-gradient animated-slow elementor-invisible elementor-widget elementor-widget-heading\" data-id=\"130f7ce\" data-element_type=\"widget\" data-e-type=\"widget\" data-settings=\"{&quot;_animation&quot;:&quot;fadeIn&quot;,&quot;_animation_delay&quot;:100}\" data-widget_type=\"heading.default\">\n\t\t\t\t\t<h3 class=\"elementor-heading-title elementor-size-default\">Posizioni aperte<\/h3>\t\t\t\t<\/div>\n\t\t\t\t<div class=\"elementor-element elementor-element-37f73cb elementor-invisible elementor-widget elementor-widget-text-editor\" data-id=\"37f73cb\" data-element_type=\"widget\" data-e-type=\"widget\" data-settings=\"{&quot;_animation&quot;:&quot;fadeIn&quot;,&quot;_animation_delay&quot;:400}\" data-widget_type=\"text-editor.default\">\n\t\t\t\t\t\t\t\t\t<p>Stiamo cercando persone come te!<\/p>\t\t\t\t\t\t\t\t<\/div>\n\t\t<div class=\"elementor-element elementor-element-680eab5 e-con-full e-flex e-con e-child\" data-id=\"680eab5\" data-element_type=\"container\" data-e-type=\"container\">\n\t\t\t\t<div class=\"elementor-element elementor-element-5caa6e9 elementor-widget__width-initial testo-gradient animated-slow elementor-widget-mobile__width-inherit elementor-invisible elementor-widget elementor-widget-heading\" data-id=\"5caa6e9\" data-element_type=\"widget\" data-e-type=\"widget\" data-settings=\"{&quot;_animation&quot;:&quot;fadeIn&quot;,&quot;_animation_delay&quot;:100}\" data-widget_type=\"heading.default\">\n\t\t\t\t\t<h4 class=\"elementor-heading-title elementor-size-default\">Candidatura spontanea <\/h4>\t\t\t\t<\/div>\n\t\t\t\t<div class=\"elementor-element elementor-element-189415f elementor-align-left animated-slow elementor-invisible elementor-widget elementor-widget-button\" data-id=\"189415f\" data-element_type=\"widget\" data-e-type=\"widget\" data-settings=\"{&quot;_animation&quot;:&quot;fadeIn&quot;,&quot;_animation_delay&quot;:600}\" data-widget_type=\"button.default\">\n\t\t\t\t\t\t\t\t\t\t<a class=\"elementor-button elementor-button-link elementor-size-sm\" href=\"https:\/\/form.typeform.com\/to\/Gg2Fhj2j\" target=\"_blank\" rel=\"noopener\">\n\t\t\t\t\t\t<span class=\"elementor-button-content-wrapper\">\n\t\t\t\t\t\t\t\t\t<span class=\"elementor-button-text\">Cadidati ora<\/span>\n\t\t\t\t\t<\/span>\n\t\t\t\t\t<\/a>\n\t\t\t\t\t\t\t\t<\/div>\n\t\t\t\t<\/div>\n\t\t<div class=\"elementor-element elementor-element-fcb9a8f e-con-full elementor-hidden-desktop elementor-hidden-tablet elementor-hidden-mobile e-flex e-con e-child\" data-id=\"fcb9a8f\" data-element_type=\"container\" data-e-type=\"container\">\n\t\t\t\t<div class=\"elementor-element elementor-element-c244713 elementor-widget__width-initial testo-gradient animated-slow elementor-widget-mobile__width-inherit elementor-invisible elementor-widget elementor-widget-heading\" data-id=\"c244713\" data-element_type=\"widget\" data-e-type=\"widget\" data-settings=\"{&quot;_animation&quot;:&quot;fadeIn&quot;,&quot;_animation_delay&quot;:100}\" data-widget_type=\"heading.default\">\n\t\t\t\t\t<h2 class=\"elementor-heading-title elementor-size-default\">Posizione lavorativa aperta<\/h2>\t\t\t\t<\/div>\n\t\t\t\t<div class=\"elementor-element elementor-element-c01a7df elementor-align-left animated-slow elementor-invisible elementor-widget elementor-widget-button\" data-id=\"c01a7df\" data-element_type=\"widget\" data-e-type=\"widget\" data-settings=\"{&quot;_animation&quot;:&quot;fadeIn&quot;,&quot;_animation_delay&quot;:600}\" data-widget_type=\"button.default\">\n\t\t\t\t\t\t\t\t\t\t<a class=\"elementor-button elementor-button-link elementor-size-sm\" href=\"#\">\n\t\t\t\t\t\t<span class=\"elementor-button-content-wrapper\">\n\t\t\t\t\t\t\t\t\t<span class=\"elementor-button-text\">Cadidati ora<\/span>\n\t\t\t\t\t<\/span>\n\t\t\t\t\t<\/a>\n\t\t\t\t\t\t\t\t<\/div>\n\t\t\t\t<\/div>\n\t\t<div class=\"elementor-element elementor-element-faeaa31 e-con-full elementor-hidden-desktop elementor-hidden-tablet elementor-hidden-mobile e-flex e-con e-child\" data-id=\"faeaa31\" data-element_type=\"container\" data-e-type=\"container\">\n\t\t\t\t<div class=\"elementor-element elementor-element-5f7c3db elementor-widget__width-initial testo-gradient animated-slow elementor-widget-mobile__width-inherit elementor-invisible elementor-widget elementor-widget-heading\" data-id=\"5f7c3db\" data-element_type=\"widget\" data-e-type=\"widget\" data-settings=\"{&quot;_animation&quot;:&quot;fadeIn&quot;,&quot;_animation_delay&quot;:100}\" data-widget_type=\"heading.default\">\n\t\t\t\t\t<h2 class=\"elementor-heading-title elementor-size-default\">Posizione lavorativa aperta<\/h2>\t\t\t\t<\/div>\n\t\t\t\t<div class=\"elementor-element elementor-element-42193bc elementor-align-left animated-slow elementor-invisible elementor-widget elementor-widget-button\" data-id=\"42193bc\" data-element_type=\"widget\" data-e-type=\"widget\" data-settings=\"{&quot;_animation&quot;:&quot;fadeIn&quot;,&quot;_animation_delay&quot;:600}\" data-widget_type=\"button.default\">\n\t\t\t\t\t\t\t\t\t\t<a class=\"elementor-button elementor-button-link elementor-size-sm\" href=\"#\">\n\t\t\t\t\t\t<span class=\"elementor-button-content-wrapper\">\n\t\t\t\t\t\t\t\t\t<span class=\"elementor-button-text\">Cadidati ora<\/span>\n\t\t\t\t\t<\/span>\n\t\t\t\t\t<\/a>\n\t\t\t\t\t\t\t\t<\/div>\n\t\t\t\t<\/div>\n\t\t\t\t\t<\/div>\n\t\t\t\t<\/div>\n\t\t\t\t<\/div>\n\t\t","protected":false},"excerpt":{"rendered":"<p>Stiamo assumendo Prendi parte all\u2019innovazione robotica Stiamo cercando persone come te! Posizioni aperte Umanit\u00e0 e condivisione Crediamo nel lavoro di squadra, nella gentilezza quotidiana e nella condivisione di idee, successi e difficolt\u00e0. Qui le persone vengono prima dei processi. Guidati dal cambiamento tecnologico Innoviamo ogni giorno con curiosit\u00e0 e spirito critico. La tecnologia \u00e8 il [&hellip;]<\/p>\n","protected":false},"author":1,"featured_media":0,"parent":0,"menu_order":0,"comment_status":"closed","ping_status":"closed","template":"","meta":{"footnotes":""},"class_list":["post-205","page","type-page","status-publish","hentry"],"_links":{"self":[{"href":"https:\/\/proximarobotics.com\/it\/wp-json\/wp\/v2\/pages\/205","targetHints":{"allow":["GET"]}}],"collection":[{"href":"https:\/\/proximarobotics.com\/it\/wp-json\/wp\/v2\/pages"}],"about":[{"href":"https:\/\/proximarobotics.com\/it\/wp-json\/wp\/v2\/types\/page"}],"author":[{"embeddable":true,"href":"https:\/\/proximarobotics.com\/it\/wp-json\/wp\/v2\/users\/1"}],"replies":[{"embeddable":true,"href":"https:\/\/proximarobotics.com\/it\/wp-json\/wp\/v2\/comments?post=205"}],"version-history":[{"count":83,"href":"https:\/\/proximarobotics.com\/it\/wp-json\/wp\/v2\/pages\/205\/revisions"}],"predecessor-version":[{"id":3041,"href":"https:\/\/proximarobotics.com\/it\/wp-json\/wp\/v2\/pages\/205\/revisions\/3041"}],"wp:attachment":[{"href":"https:\/\/proximarobotics.com\/it\/wp-json\/wp\/v2\/media?parent=205"}],"curies":[{"name":"wp","href":"https:\/\/api.w.org\/{rel}","templated":true}]}}